{"id":3167,"date":"2025-09-23T00:04:45","date_gmt":"2025-09-22T22:04:45","guid":{"rendered":"https:\/\/www.susanwolf.net\/product\/gold-cd"},"modified":"2025-10-06T10:24:16","modified_gmt":"2025-10-06T08:24:16","slug":"gold-cd","status":"publish","type":"product","link":"https:\/\/www.susanwolf.net\/de\/produkt\/gold-cd","title":{"rendered":"Gold CD"},"content":{"rendered":"<p>Susan erhielt vor einigen Jahren die Diagnose Multiple Sklerose und begab sich daraufhin auf einen Weg der Heilung und Selbstliebe. Heute ist Susan Wolf gesund und ihre Songs erz\u00e4hlen die Geschichte dieser Transformation.<\/p>\n<p>Im Booklet finden Sie einen pers\u00f6nlichen Brief von Susan Wolf an Ihre H\u00f6rer sowie all ihre Songtexte.<\/p>\n<p>1. Return like Spring<br \/>\n2. Sun In My Eyes<br \/>\n3. Into Your Arms<br \/>\n4. Gold<br \/>\n5. Stay Away From My Heart<br \/>\n6. Ice On Fire<br \/>\n7. Someone To Hold<br \/>\n8. Call It Magic<br \/>\n9. Kill The Beast<br \/>\n10. Love<\/p>\n","protected":false},"excerpt":{"rendered":"<p>Susan erhielt vor einigen Jahren die Diagnose Multiple Sklerose und begab sich daraufhin auf einen Weg der Heilung und Selbstliebe. Heute ist Susan Wolf gesund und ihre Songs erz\u00e4hlen die Geschichte dieser Transformation. Im Booklet finden Sie einen pers\u00f6nlichen Brief von Susan Wolf an Ihre H\u00f6rer sowie all ihre Songtexte. 1. Return like Spring 2. [&hellip;]<\/p>\n","protected":false},"featured_media":3166,"template":"","meta":{"_acf_changed":false},"product_brand":[],"product_cat":[130],"product_tag":[],"class_list":{"0":"post-3167","1":"product","2":"type-product","3":"status-publish","4":"has-post-thumbnail","6":"product_cat-produkte","7":"product_shipping_class-cd-2","9":"first","10":"instock","11":"taxable","12":"shipping-taxable","13":"purchasable","14":"product-type-simple"},"acf":[],"yoast_head":"<!-- This site is optimized with the Yoast SEO plugin v26.1.1 - https:\/\/yoast.com\/wordpress\/plugins\/seo\/ -->\n<title>Gold CD | Susan Wolf<\/title>\n<meta name=\"robots\" content=\"index, follow, max-snippet:-1, max-image-preview:large, max-video-preview:-1\" \/>\n<link rel=\"canonical\" href=\"https:\/\/www.susanwolf.net\/de\/produkt\/gold-cd\" \/>\n<meta property=\"og:locale\" content=\"de_DE\" \/>\n<meta property=\"og:type\" content=\"article\" \/>\n<meta property=\"og:title\" content=\"Gold CD | Susan Wolf\" \/>\n<meta property=\"og:description\" content=\"Susan erhielt vor einigen Jahren die Diagnose Multiple Sklerose und begab sich daraufhin auf einen Weg der Heilung und Selbstliebe. Heute ist Susan Wolf gesund und ihre Songs erz\u00e4hlen die Geschichte dieser Transformation. Im Booklet finden Sie einen pers\u00f6nlichen Brief von Susan Wolf an Ihre H\u00f6rer sowie all ihre Songtexte. 1. Return like Spring 2. [&hellip;]\" \/>\n<meta property=\"og:url\" content=\"https:\/\/www.susanwolf.net\/de\/produkt\/gold-cd\" \/>\n<meta property=\"og:site_name\" content=\"Susan Wolf\" \/>\n<meta property=\"article:modified_time\" content=\"2025-10-06T08:24:16+00:00\" \/>\n<meta property=\"og:image\" content=\"https:\/\/www.susanwolf.net\/wp-content\/uploads\/susan-wolf-product-4325.jpg\" \/>\n\t<meta property=\"og:image:width\" content=\"2000\" \/>\n\t<meta property=\"og:image:height\" content=\"1333\" \/>\n\t<meta property=\"og:image:type\" content=\"image\/jpeg\" \/>\n<meta name=\"twitter:card\" content=\"summary_large_image\" \/>\n<script type=\"application\/ld+json\" class=\"yoast-schema-graph\">{\"@context\":\"https:\/\/schema.org\",\"@graph\":[{\"@type\":\"WebPage\",\"@id\":\"https:\/\/www.susanwolf.net\/de\/produkt\/gold-cd\",\"url\":\"https:\/\/www.susanwolf.net\/de\/produkt\/gold-cd\",\"name\":\"Gold CD | Susan Wolf\",\"isPartOf\":{\"@id\":\"https:\/\/www.susanwolf.net\/de\/#website\"},\"primaryImageOfPage\":{\"@id\":\"https:\/\/www.susanwolf.net\/de\/produkt\/gold-cd#primaryimage\"},\"image\":{\"@id\":\"https:\/\/www.susanwolf.net\/de\/produkt\/gold-cd#primaryimage\"},\"thumbnailUrl\":\"https:\/\/www.susanwolf.net\/wp-content\/uploads\/susan-wolf-product-4325.jpg\",\"datePublished\":\"2025-09-22T22:04:45+00:00\",\"dateModified\":\"2025-10-06T08:24:16+00:00\",\"breadcrumb\":{\"@id\":\"https:\/\/www.susanwolf.net\/de\/produkt\/gold-cd#breadcrumb\"},\"inLanguage\":\"de\",\"potentialAction\":[{\"@type\":\"ReadAction\",\"target\":[\"https:\/\/www.susanwolf.net\/de\/produkt\/gold-cd\"]}]},{\"@type\":\"ImageObject\",\"inLanguage\":\"de\",\"@id\":\"https:\/\/www.susanwolf.net\/de\/produkt\/gold-cd#primaryimage\",\"url\":\"https:\/\/www.susanwolf.net\/wp-content\/uploads\/susan-wolf-product-4325.jpg\",\"contentUrl\":\"https:\/\/www.susanwolf.net\/wp-content\/uploads\/susan-wolf-product-4325.jpg\",\"width\":2000,\"height\":1333},{\"@type\":\"BreadcrumbList\",\"@id\":\"https:\/\/www.susanwolf.net\/de\/produkt\/gold-cd#breadcrumb\",\"itemListElement\":[{\"@type\":\"ListItem\",\"position\":1,\"name\":\"Startseite\",\"item\":\"https:\/\/www.susanwolf.net\/de\"},{\"@type\":\"ListItem\",\"position\":2,\"name\":\"Shop\",\"item\":\"https:\/\/www.susanwolf.net\/shop\"},{\"@type\":\"ListItem\",\"position\":3,\"name\":\"Gold CD\"}]},{\"@type\":\"WebSite\",\"@id\":\"https:\/\/www.susanwolf.net\/de\/#website\",\"url\":\"https:\/\/www.susanwolf.net\/de\/\",\"name\":\"Susan Wolf\",\"description\":\"\",\"publisher\":{\"@id\":\"https:\/\/www.susanwolf.net\/de\/#organization\"},\"potentialAction\":[{\"@type\":\"SearchAction\",\"target\":{\"@type\":\"EntryPoint\",\"urlTemplate\":\"https:\/\/www.susanwolf.net\/de\/?s={search_term_string}\"},\"query-input\":{\"@type\":\"PropertyValueSpecification\",\"valueRequired\":true,\"valueName\":\"search_term_string\"}}],\"inLanguage\":\"de\"},{\"@type\":\"Organization\",\"@id\":\"https:\/\/www.susanwolf.net\/de\/#organization\",\"name\":\"Susan Wolf\",\"url\":\"https:\/\/www.susanwolf.net\/de\/\",\"logo\":{\"@type\":\"ImageObject\",\"inLanguage\":\"de\",\"@id\":\"https:\/\/www.susanwolf.net\/de\/#\/schema\/logo\/image\/\",\"url\":\"https:\/\/www.susanwolf.net\/wp-content\/uploads\/favicon.png\",\"contentUrl\":\"https:\/\/www.susanwolf.net\/wp-content\/uploads\/favicon.png\",\"width\":512,\"height\":512,\"caption\":\"Susan Wolf\"},\"image\":{\"@id\":\"https:\/\/www.susanwolf.net\/de\/#\/schema\/logo\/image\/\"}}]}<\/script>\n<!-- \/ Yoast SEO plugin. -->","yoast_head_json":{"title":"Gold CD | Susan Wolf","robots":{"index":"index","follow":"follow","max-snippet":"max-snippet:-1","max-image-preview":"max-image-preview:large","max-video-preview":"max-video-preview:-1"},"canonical":"https:\/\/www.susanwolf.net\/de\/produkt\/gold-cd","og_locale":"de_DE","og_type":"article","og_title":"Gold CD | Susan Wolf","og_description":"Susan erhielt vor einigen Jahren die Diagnose Multiple Sklerose und begab sich daraufhin auf einen Weg der Heilung und Selbstliebe. Heute ist Susan Wolf gesund und ihre Songs erz\u00e4hlen die Geschichte dieser Transformation. Im Booklet finden Sie einen pers\u00f6nlichen Brief von Susan Wolf an Ihre H\u00f6rer sowie all ihre Songtexte. 1. Return like Spring 2. [&hellip;]","og_url":"https:\/\/www.susanwolf.net\/de\/produkt\/gold-cd","og_site_name":"Susan Wolf","article_modified_time":"2025-10-06T08:24:16+00:00","og_image":[{"width":2000,"height":1333,"url":"https:\/\/www.susanwolf.net\/wp-content\/uploads\/susan-wolf-product-4325.jpg","type":"image\/jpeg"}],"twitter_card":"summary_large_image","schema":{"@context":"https:\/\/schema.org","@graph":[{"@type":"WebPage","@id":"https:\/\/www.susanwolf.net\/de\/produkt\/gold-cd","url":"https:\/\/www.susanwolf.net\/de\/produkt\/gold-cd","name":"Gold CD | Susan Wolf","isPartOf":{"@id":"https:\/\/www.susanwolf.net\/de\/#website"},"primaryImageOfPage":{"@id":"https:\/\/www.susanwolf.net\/de\/produkt\/gold-cd#primaryimage"},"image":{"@id":"https:\/\/www.susanwolf.net\/de\/produkt\/gold-cd#primaryimage"},"thumbnailUrl":"https:\/\/www.susanwolf.net\/wp-content\/uploads\/susan-wolf-product-4325.jpg","datePublished":"2025-09-22T22:04:45+00:00","dateModified":"2025-10-06T08:24:16+00:00","breadcrumb":{"@id":"https:\/\/www.susanwolf.net\/de\/produkt\/gold-cd#breadcrumb"},"inLanguage":"de","potentialAction":[{"@type":"ReadAction","target":["https:\/\/www.susanwolf.net\/de\/produkt\/gold-cd"]}]},{"@type":"ImageObject","inLanguage":"de","@id":"https:\/\/www.susanwolf.net\/de\/produkt\/gold-cd#primaryimage","url":"https:\/\/www.susanwolf.net\/wp-content\/uploads\/susan-wolf-product-4325.jpg","contentUrl":"https:\/\/www.susanwolf.net\/wp-content\/uploads\/susan-wolf-product-4325.jpg","width":2000,"height":1333},{"@type":"BreadcrumbList","@id":"https:\/\/www.susanwolf.net\/de\/produkt\/gold-cd#breadcrumb","itemListElement":[{"@type":"ListItem","position":1,"name":"Startseite","item":"https:\/\/www.susanwolf.net\/de"},{"@type":"ListItem","position":2,"name":"Shop","item":"https:\/\/www.susanwolf.net\/shop"},{"@type":"ListItem","position":3,"name":"Gold CD"}]},{"@type":"WebSite","@id":"https:\/\/www.susanwolf.net\/de\/#website","url":"https:\/\/www.susanwolf.net\/de\/","name":"Susan Wolf","description":"","publisher":{"@id":"https:\/\/www.susanwolf.net\/de\/#organization"},"potentialAction":[{"@type":"SearchAction","target":{"@type":"EntryPoint","urlTemplate":"https:\/\/www.susanwolf.net\/de\/?s={search_term_string}"},"query-input":{"@type":"PropertyValueSpecification","valueRequired":true,"valueName":"search_term_string"}}],"inLanguage":"de"},{"@type":"Organization","@id":"https:\/\/www.susanwolf.net\/de\/#organization","name":"Susan Wolf","url":"https:\/\/www.susanwolf.net\/de\/","logo":{"@type":"ImageObject","inLanguage":"de","@id":"https:\/\/www.susanwolf.net\/de\/#\/schema\/logo\/image\/","url":"https:\/\/www.susanwolf.net\/wp-content\/uploads\/favicon.png","contentUrl":"https:\/\/www.susanwolf.net\/wp-content\/uploads\/favicon.png","width":512,"height":512,"caption":"Susan Wolf"},"image":{"@id":"https:\/\/www.susanwolf.net\/de\/#\/schema\/logo\/image\/"}}]}},"_links":{"self":[{"href":"https:\/\/www.susanwolf.net\/de\/wp-json\/wp\/v2\/product\/3167","targetHints":{"allow":["GET"]}}],"collection":[{"href":"https:\/\/www.susanwolf.net\/de\/wp-json\/wp\/v2\/product"}],"about":[{"href":"https:\/\/www.susanwolf.net\/de\/wp-json\/wp\/v2\/types\/product"}],"wp:featuredmedia":[{"embeddable":true,"href":"https:\/\/www.susanwolf.net\/de\/wp-json\/wp\/v2\/media\/3166"}],"wp:attachment":[{"href":"https:\/\/www.susanwolf.net\/de\/wp-json\/wp\/v2\/media?parent=3167"}],"wp:term":[{"taxonomy":"product_brand","embeddable":true,"href":"https:\/\/www.susanwolf.net\/de\/wp-json\/wp\/v2\/product_brand?post=3167"},{"taxonomy":"product_cat","embeddable":true,"href":"https:\/\/www.susanwolf.net\/de\/wp-json\/wp\/v2\/product_cat?post=3167"},{"taxonomy":"product_tag","embeddable":true,"href":"https:\/\/www.susanwolf.net\/de\/wp-json\/wp\/v2\/product_tag?post=3167"}],"curies":[{"name":"wp","href":"https:\/\/api.w.org\/{rel}","templated":true}]}}