{"id":2622,"date":"2025-09-23T00:01:32","date_gmt":"2025-09-22T22:01:32","guid":{"rendered":"https:\/\/www.susanwolf.net\/?post_type=product&#038;p=2622"},"modified":"2025-10-06T10:25:12","modified_gmt":"2025-10-06T08:25:12","slug":"i-have-visions-cd","status":"publish","type":"product","link":"https:\/\/www.susanwolf.net\/de\/produkt\/i-have-visions-cd","title":{"rendered":"I have Visions CD"},"content":{"rendered":"<p>&#8222;Eines Tages bin ich aufgewacht und dachte: &#8222;Fu.., ich bin sowas von auf dem falschen Weg.&#8220;<br \/>\nAlles, was ich wollte war zur Musik zur\u00fcckzukehren. An diesem Tag begann ein unglaublich fordernder Befreiungsprozess. Die Songs auf diesem Album erz\u00e4hlen die Geschichte von diesem Prozess.<\/p>\n<p>Im Booklet finden Sie einen sehr pers\u00f6nlichen Brief von Susan sowie alle ihre Songtexte.<\/p>\n<p>1. The Road<br \/>\n2. Wild Nights<br \/>\n3. Still I\u00b4m In Love<br \/>\n4. 100 Miles of Pain<br \/>\n5. Life Serves Me Champagne<br \/>\n6. Love, Faith, Hope<br \/>\n7. Two Souls<br \/>\n8. Hungry Hearts<br \/>\n9. Follow the Light<br \/>\n10. You Carry My Heart<\/p>\n<p><em>&#8222;I Have Vision ist ein leidenschaftliches Pl\u00e4doyer daf\u00fcr, der eigenen inneren Stimme und Berufung zu folgen.&#8220;<\/em><br \/>\n(www.wegomusic.de)<\/p>\n<p><em>&#8222;&#8230;ein Deb\u00fct voller Hoffnung, Mut und Vertrauen&#8230;ein zutiefst emotionales, verdammt gutes Album&#8230;Bewertung: Absolut wertvoll! Zeitlos!&#8220;<\/em><br \/>\n(www.access2music.de)<\/p>\n","protected":false},"excerpt":{"rendered":"<p>&#8222;Eines Tages bin ich aufgewacht und dachte: &#8222;Fu.., ich bin sowas von auf dem falschen Weg.&#8220; Alles, was ich wollte war zur Musik zur\u00fcckzukehren. An diesem Tag begann ein unglaublich fordernder Befreiungsprozess. Die Songs auf diesem Album erz\u00e4hlen die Geschichte von diesem Prozess. Im Booklet finden Sie einen sehr pers\u00f6nlichen Brief von Susan sowie alle [&hellip;]<\/p>\n","protected":false},"featured_media":2556,"template":"","meta":{"_acf_changed":false},"product_brand":[],"product_cat":[130],"product_tag":[],"class_list":{"0":"post-2622","1":"product","2":"type-product","3":"status-publish","4":"has-post-thumbnail","6":"product_cat-produkte","7":"product_shipping_class-cd-2","9":"first","10":"instock","11":"taxable","12":"shipping-taxable","13":"purchasable","14":"product-type-simple"},"acf":[],"yoast_head":"<!-- This site is optimized with the Yoast SEO plugin v26.1.1 - https:\/\/yoast.com\/wordpress\/plugins\/seo\/ -->\n<title>I have Visions CD | Susan Wolf<\/title>\n<meta name=\"robots\" content=\"index, follow, max-snippet:-1, max-image-preview:large, max-video-preview:-1\" \/>\n<link rel=\"canonical\" href=\"https:\/\/www.susanwolf.net\/de\/produkt\/i-have-visions-cd\" \/>\n<meta property=\"og:locale\" content=\"de_DE\" \/>\n<meta property=\"og:type\" content=\"article\" \/>\n<meta property=\"og:title\" content=\"I have Visions CD | Susan Wolf\" \/>\n<meta property=\"og:description\" content=\"&#8222;Eines Tages bin ich aufgewacht und dachte: &#8222;Fu.., ich bin sowas von auf dem falschen Weg.&#8220; Alles, was ich wollte war zur Musik zur\u00fcckzukehren. An diesem Tag begann ein unglaublich fordernder Befreiungsprozess. Die Songs auf diesem Album erz\u00e4hlen die Geschichte von diesem Prozess. Im Booklet finden Sie einen sehr pers\u00f6nlichen Brief von Susan sowie alle [&hellip;]\" \/>\n<meta property=\"og:url\" content=\"https:\/\/www.susanwolf.net\/de\/produkt\/i-have-visions-cd\" \/>\n<meta property=\"og:site_name\" content=\"Susan Wolf\" \/>\n<meta property=\"article:modified_time\" content=\"2025-10-06T08:25:12+00:00\" \/>\n<meta property=\"og:image\" content=\"https:\/\/www.susanwolf.net\/wp-content\/uploads\/dsc-7904a.jpg\" \/>\n\t<meta property=\"og:image:width\" content=\"2000\" \/>\n\t<meta property=\"og:image:height\" content=\"1333\" \/>\n\t<meta property=\"og:image:type\" content=\"image\/jpeg\" \/>\n<meta name=\"twitter:card\" content=\"summary_large_image\" \/>\n<meta name=\"twitter:label1\" content=\"Gesch\u00e4tzte Lesezeit\" \/>\n\t<meta name=\"twitter:data1\" content=\"1\u00a0Minute\" \/>\n<script type=\"application\/ld+json\" class=\"yoast-schema-graph\">{\"@context\":\"https:\/\/schema.org\",\"@graph\":[{\"@type\":\"WebPage\",\"@id\":\"https:\/\/www.susanwolf.net\/de\/produkt\/i-have-visions-cd\",\"url\":\"https:\/\/www.susanwolf.net\/de\/produkt\/i-have-visions-cd\",\"name\":\"I have Visions CD | Susan Wolf\",\"isPartOf\":{\"@id\":\"https:\/\/www.susanwolf.net\/de\/#website\"},\"primaryImageOfPage\":{\"@id\":\"https:\/\/www.susanwolf.net\/de\/produkt\/i-have-visions-cd#primaryimage\"},\"image\":{\"@id\":\"https:\/\/www.susanwolf.net\/de\/produkt\/i-have-visions-cd#primaryimage\"},\"thumbnailUrl\":\"https:\/\/www.susanwolf.net\/wp-content\/uploads\/dsc-7904a.jpg\",\"datePublished\":\"2025-09-22T22:01:32+00:00\",\"dateModified\":\"2025-10-06T08:25:12+00:00\",\"breadcrumb\":{\"@id\":\"https:\/\/www.susanwolf.net\/de\/produkt\/i-have-visions-cd#breadcrumb\"},\"inLanguage\":\"de\",\"potentialAction\":[{\"@type\":\"ReadAction\",\"target\":[\"https:\/\/www.susanwolf.net\/de\/produkt\/i-have-visions-cd\"]}]},{\"@type\":\"ImageObject\",\"inLanguage\":\"de\",\"@id\":\"https:\/\/www.susanwolf.net\/de\/produkt\/i-have-visions-cd#primaryimage\",\"url\":\"https:\/\/www.susanwolf.net\/wp-content\/uploads\/dsc-7904a.jpg\",\"contentUrl\":\"https:\/\/www.susanwolf.net\/wp-content\/uploads\/dsc-7904a.jpg\",\"width\":2000,\"height\":1333},{\"@type\":\"BreadcrumbList\",\"@id\":\"https:\/\/www.susanwolf.net\/de\/produkt\/i-have-visions-cd#breadcrumb\",\"itemListElement\":[{\"@type\":\"ListItem\",\"position\":1,\"name\":\"Startseite\",\"item\":\"https:\/\/www.susanwolf.net\/de\"},{\"@type\":\"ListItem\",\"position\":2,\"name\":\"Shop\",\"item\":\"https:\/\/www.susanwolf.net\/shop\"},{\"@type\":\"ListItem\",\"position\":3,\"name\":\"I have Visions CD\"}]},{\"@type\":\"WebSite\",\"@id\":\"https:\/\/www.susanwolf.net\/de\/#website\",\"url\":\"https:\/\/www.susanwolf.net\/de\/\",\"name\":\"Susan Wolf\",\"description\":\"\",\"publisher\":{\"@id\":\"https:\/\/www.susanwolf.net\/de\/#organization\"},\"potentialAction\":[{\"@type\":\"SearchAction\",\"target\":{\"@type\":\"EntryPoint\",\"urlTemplate\":\"https:\/\/www.susanwolf.net\/de\/?s={search_term_string}\"},\"query-input\":{\"@type\":\"PropertyValueSpecification\",\"valueRequired\":true,\"valueName\":\"search_term_string\"}}],\"inLanguage\":\"de\"},{\"@type\":\"Organization\",\"@id\":\"https:\/\/www.susanwolf.net\/de\/#organization\",\"name\":\"Susan Wolf\",\"url\":\"https:\/\/www.susanwolf.net\/de\/\",\"logo\":{\"@type\":\"ImageObject\",\"inLanguage\":\"de\",\"@id\":\"https:\/\/www.susanwolf.net\/de\/#\/schema\/logo\/image\/\",\"url\":\"https:\/\/www.susanwolf.net\/wp-content\/uploads\/favicon.png\",\"contentUrl\":\"https:\/\/www.susanwolf.net\/wp-content\/uploads\/favicon.png\",\"width\":512,\"height\":512,\"caption\":\"Susan Wolf\"},\"image\":{\"@id\":\"https:\/\/www.susanwolf.net\/de\/#\/schema\/logo\/image\/\"}}]}<\/script>\n<!-- \/ Yoast SEO plugin. -->","yoast_head_json":{"title":"I have Visions CD | Susan Wolf","robots":{"index":"index","follow":"follow","max-snippet":"max-snippet:-1","max-image-preview":"max-image-preview:large","max-video-preview":"max-video-preview:-1"},"canonical":"https:\/\/www.susanwolf.net\/de\/produkt\/i-have-visions-cd","og_locale":"de_DE","og_type":"article","og_title":"I have Visions CD | Susan Wolf","og_description":"&#8222;Eines Tages bin ich aufgewacht und dachte: &#8222;Fu.., ich bin sowas von auf dem falschen Weg.&#8220; Alles, was ich wollte war zur Musik zur\u00fcckzukehren. An diesem Tag begann ein unglaublich fordernder Befreiungsprozess. Die Songs auf diesem Album erz\u00e4hlen die Geschichte von diesem Prozess. Im Booklet finden Sie einen sehr pers\u00f6nlichen Brief von Susan sowie alle [&hellip;]","og_url":"https:\/\/www.susanwolf.net\/de\/produkt\/i-have-visions-cd","og_site_name":"Susan Wolf","article_modified_time":"2025-10-06T08:25:12+00:00","og_image":[{"width":2000,"height":1333,"url":"https:\/\/www.susanwolf.net\/wp-content\/uploads\/dsc-7904a.jpg","type":"image\/jpeg"}],"twitter_card":"summary_large_image","twitter_misc":{"Gesch\u00e4tzte Lesezeit":"1\u00a0Minute"},"schema":{"@context":"https:\/\/schema.org","@graph":[{"@type":"WebPage","@id":"https:\/\/www.susanwolf.net\/de\/produkt\/i-have-visions-cd","url":"https:\/\/www.susanwolf.net\/de\/produkt\/i-have-visions-cd","name":"I have Visions CD | Susan Wolf","isPartOf":{"@id":"https:\/\/www.susanwolf.net\/de\/#website"},"primaryImageOfPage":{"@id":"https:\/\/www.susanwolf.net\/de\/produkt\/i-have-visions-cd#primaryimage"},"image":{"@id":"https:\/\/www.susanwolf.net\/de\/produkt\/i-have-visions-cd#primaryimage"},"thumbnailUrl":"https:\/\/www.susanwolf.net\/wp-content\/uploads\/dsc-7904a.jpg","datePublished":"2025-09-22T22:01:32+00:00","dateModified":"2025-10-06T08:25:12+00:00","breadcrumb":{"@id":"https:\/\/www.susanwolf.net\/de\/produkt\/i-have-visions-cd#breadcrumb"},"inLanguage":"de","potentialAction":[{"@type":"ReadAction","target":["https:\/\/www.susanwolf.net\/de\/produkt\/i-have-visions-cd"]}]},{"@type":"ImageObject","inLanguage":"de","@id":"https:\/\/www.susanwolf.net\/de\/produkt\/i-have-visions-cd#primaryimage","url":"https:\/\/www.susanwolf.net\/wp-content\/uploads\/dsc-7904a.jpg","contentUrl":"https:\/\/www.susanwolf.net\/wp-content\/uploads\/dsc-7904a.jpg","width":2000,"height":1333},{"@type":"BreadcrumbList","@id":"https:\/\/www.susanwolf.net\/de\/produkt\/i-have-visions-cd#breadcrumb","itemListElement":[{"@type":"ListItem","position":1,"name":"Startseite","item":"https:\/\/www.susanwolf.net\/de"},{"@type":"ListItem","position":2,"name":"Shop","item":"https:\/\/www.susanwolf.net\/shop"},{"@type":"ListItem","position":3,"name":"I have Visions CD"}]},{"@type":"WebSite","@id":"https:\/\/www.susanwolf.net\/de\/#website","url":"https:\/\/www.susanwolf.net\/de\/","name":"Susan Wolf","description":"","publisher":{"@id":"https:\/\/www.susanwolf.net\/de\/#organization"},"potentialAction":[{"@type":"SearchAction","target":{"@type":"EntryPoint","urlTemplate":"https:\/\/www.susanwolf.net\/de\/?s={search_term_string}"},"query-input":{"@type":"PropertyValueSpecification","valueRequired":true,"valueName":"search_term_string"}}],"inLanguage":"de"},{"@type":"Organization","@id":"https:\/\/www.susanwolf.net\/de\/#organization","name":"Susan Wolf","url":"https:\/\/www.susanwolf.net\/de\/","logo":{"@type":"ImageObject","inLanguage":"de","@id":"https:\/\/www.susanwolf.net\/de\/#\/schema\/logo\/image\/","url":"https:\/\/www.susanwolf.net\/wp-content\/uploads\/favicon.png","contentUrl":"https:\/\/www.susanwolf.net\/wp-content\/uploads\/favicon.png","width":512,"height":512,"caption":"Susan Wolf"},"image":{"@id":"https:\/\/www.susanwolf.net\/de\/#\/schema\/logo\/image\/"}}]}},"_links":{"self":[{"href":"https:\/\/www.susanwolf.net\/de\/wp-json\/wp\/v2\/product\/2622","targetHints":{"allow":["GET"]}}],"collection":[{"href":"https:\/\/www.susanwolf.net\/de\/wp-json\/wp\/v2\/product"}],"about":[{"href":"https:\/\/www.susanwolf.net\/de\/wp-json\/wp\/v2\/types\/product"}],"wp:featuredmedia":[{"embeddable":true,"href":"https:\/\/www.susanwolf.net\/de\/wp-json\/wp\/v2\/media\/2556"}],"wp:attachment":[{"href":"https:\/\/www.susanwolf.net\/de\/wp-json\/wp\/v2\/media?parent=2622"}],"wp:term":[{"taxonomy":"product_brand","embeddable":true,"href":"https:\/\/www.susanwolf.net\/de\/wp-json\/wp\/v2\/product_brand?post=2622"},{"taxonomy":"product_cat","embeddable":true,"href":"https:\/\/www.susanwolf.net\/de\/wp-json\/wp\/v2\/product_cat?post=2622"},{"taxonomy":"product_tag","embeddable":true,"href":"https:\/\/www.susanwolf.net\/de\/wp-json\/wp\/v2\/product_tag?post=2622"}],"curies":[{"name":"wp","href":"https:\/\/api.w.org\/{rel}","templated":true}]}}