{"id":1043,"date":"2019-01-23T14:31:31","date_gmt":"2019-01-23T14:31:31","guid":{"rendered":"http:\/\/susanwolf.net\/?page_id=1043"},"modified":"2025-09-02T14:39:49","modified_gmt":"2025-09-02T12:39:49","slug":"presse","status":"publish","type":"page","link":"https:\/\/www.susanwolf.net\/de\/presse","title":{"rendered":"Presse"},"content":{"rendered":"\t\t<div data-elementor-type=\"wp-post\" data-elementor-id=\"1043\" class=\"elementor elementor-1043 elementor-324\" data-elementor-post-type=\"page\">\n\t\t\t\t\t\t<section class=\"elementor-section elementor-top-section elementor-element elementor-element-8247127 elementor-section-boxed elementor-section-height-default elementor-section-height-default\" data-id=\"8247127\" data-element_type=\"section\">\n\t\t\t\t\t\t<div class=\"elementor-container elementor-column-gap-default\">\n\t\t\t\t\t<div class=\"elementor-column elementor-col-100 elementor-top-column elementor-element elementor-element-0cc2132\" data-id=\"0cc2132\" data-element_type=\"column\">\n\t\t\t<div class=\"elementor-widget-wrap elementor-element-populated\">\n\t\t\t\t\t\t<div class=\"elementor-element elementor-element-0ecca90 elementor-widget elementor-widget-heading\" data-id=\"0ecca90\" data-element_type=\"widget\" data-widget_type=\"heading.default\">\n\t\t\t\t<div class=\"elementor-widget-container\">\n\t\t\t\t\t<h1 class=\"elementor-heading-title elementor-size-default\">Presse<\/h1>\t\t\t\t<\/div>\n\t\t\t\t<\/div>\n\t\t\t\t\t<\/div>\n\t\t<\/div>\n\t\t\t\t\t<\/div>\n\t\t<\/section>\n\t\t\t\t<section class=\"elementor-section elementor-top-section elementor-element elementor-element-14eb6d4 elementor-section-full_width elementor-section-height-default elementor-section-height-default\" data-id=\"14eb6d4\" data-element_type=\"section\">\n\t\t\t\t\t\t<div class=\"elementor-container elementor-column-gap-no\">\n\t\t\t\t\t<div class=\"elementor-column elementor-col-100 elementor-top-column elementor-element elementor-element-acbcc3f\" data-id=\"acbcc3f\" data-element_type=\"column\">\n\t\t\t<div class=\"elementor-widget-wrap elementor-element-populated\">\n\t\t\t\t\t\t<div class=\"elementor-element elementor-element-dde398c elementor-widget elementor-widget-gallery\" data-id=\"dde398c\" data-element_type=\"widget\" data-settings=\"{&quot;columns_mobile&quot;:2,&quot;gap&quot;:{&quot;unit&quot;:&quot;px&quot;,&quot;size&quot;:0,&quot;sizes&quot;:[]},&quot;gap_tablet&quot;:{&quot;unit&quot;:&quot;px&quot;,&quot;size&quot;:0,&quot;sizes&quot;:[]},&quot;gap_mobile&quot;:{&quot;unit&quot;:&quot;px&quot;,&quot;size&quot;:0,&quot;sizes&quot;:[]},&quot;aspect_ratio&quot;:&quot;1:1&quot;,&quot;gallery_layout&quot;:&quot;grid&quot;,&quot;columns&quot;:4,&quot;columns_tablet&quot;:2,&quot;link_to&quot;:&quot;file&quot;,&quot;content_hover_animation&quot;:&quot;fade-in&quot;}\" data-widget_type=\"gallery.default\">\n\t\t\t\t<div class=\"elementor-widget-container\">\n\t\t\t\t\t\t\t<div class=\"elementor-gallery__container\">\n\t\t\t\t\t\t\t<a class=\"e-gallery-item elementor-gallery-item elementor-animated-content\" href=\"https:\/\/www.susanwolf.net\/wp-content\/uploads\/susan-wolf-2025-09-02-001.png\" data-elementor-open-lightbox=\"yes\" data-elementor-lightbox-slideshow=\"dde398c\" data-e-action-hash=\"#elementor-action%3Aaction%3Dlightbox%26settings%3DeyJpZCI6MzAyMiwidXJsIjoiaHR0cHM6XC9cL3d3dy5zdXNhbndvbGYubmV0XC93cC1jb250ZW50XC91cGxvYWRzXC9zdXNhbi13b2xmLTIwMjUtMDktMDItMDAxLnBuZyIsInNsaWRlc2hvdyI6ImRkZTM5OGMifQ%3D%3D\">\n\t\t\t\t\t<div class=\"e-gallery-image elementor-gallery-item__image\" data-thumbnail=\"https:\/\/www.susanwolf.net\/wp-content\/uploads\/susan-wolf-2025-09-02-001-819x1024.png\" data-width=\"800\" data-height=\"1000\" aria-label=\"\" role=\"img\" ><\/div>\n\t\t\t\t\t\t\t\t\t\t\t\t\t\t<\/a>\n\t\t\t\t\t\t\t<a class=\"e-gallery-item elementor-gallery-item elementor-animated-content\" href=\"https:\/\/www.susanwolf.net\/wp-content\/uploads\/susan-wolf-2025-09-02-003.png\" data-elementor-open-lightbox=\"yes\" data-elementor-lightbox-slideshow=\"dde398c\" data-e-action-hash=\"#elementor-action%3Aaction%3Dlightbox%26settings%3DeyJpZCI6MzAyNiwidXJsIjoiaHR0cHM6XC9cL3d3dy5zdXNhbndvbGYubmV0XC93cC1jb250ZW50XC91cGxvYWRzXC9zdXNhbi13b2xmLTIwMjUtMDktMDItMDAzLnBuZyIsInNsaWRlc2hvdyI6ImRkZTM5OGMifQ%3D%3D\">\n\t\t\t\t\t<div class=\"e-gallery-image elementor-gallery-item__image\" data-thumbnail=\"https:\/\/www.susanwolf.net\/wp-content\/uploads\/susan-wolf-2025-09-02-003-819x1024.png\" data-width=\"800\" data-height=\"1000\" aria-label=\"\" role=\"img\" ><\/div>\n\t\t\t\t\t\t\t\t\t\t\t\t\t\t<\/a>\n\t\t\t\t\t\t\t<a class=\"e-gallery-item elementor-gallery-item elementor-animated-content\" href=\"https:\/\/www.susanwolf.net\/wp-content\/uploads\/susan-wolf-2025-09-02-002.png\" data-elementor-open-lightbox=\"yes\" data-elementor-lightbox-slideshow=\"dde398c\" data-e-action-hash=\"#elementor-action%3Aaction%3Dlightbox%26settings%3DeyJpZCI6MzAyNCwidXJsIjoiaHR0cHM6XC9cL3d3dy5zdXNhbndvbGYubmV0XC93cC1jb250ZW50XC91cGxvYWRzXC9zdXNhbi13b2xmLTIwMjUtMDktMDItMDAyLnBuZyIsInNsaWRlc2hvdyI6ImRkZTM5OGMifQ%3D%3D\">\n\t\t\t\t\t<div class=\"e-gallery-image elementor-gallery-item__image\" data-thumbnail=\"https:\/\/www.susanwolf.net\/wp-content\/uploads\/susan-wolf-2025-09-02-002-765x1024.png\" data-width=\"765\" data-height=\"1024\" aria-label=\"\" role=\"img\" ><\/div>\n\t\t\t\t\t\t\t\t\t\t\t\t\t\t<\/a>\n\t\t\t\t\t\t\t<a class=\"e-gallery-item elementor-gallery-item elementor-animated-content\" href=\"https:\/\/www.susanwolf.net\/wp-content\/uploads\/susan-wolf-2025-09-02-005.png\" data-elementor-open-lightbox=\"yes\" data-elementor-lightbox-slideshow=\"dde398c\" data-e-action-hash=\"#elementor-action%3Aaction%3Dlightbox%26settings%3DeyJpZCI6MzAzMCwidXJsIjoiaHR0cHM6XC9cL3d3dy5zdXNhbndvbGYubmV0XC93cC1jb250ZW50XC91cGxvYWRzXC9zdXNhbi13b2xmLTIwMjUtMDktMDItMDA1LnBuZyIsInNsaWRlc2hvdyI6ImRkZTM5OGMifQ%3D%3D\">\n\t\t\t\t\t<div class=\"e-gallery-image elementor-gallery-item__image\" data-thumbnail=\"https:\/\/www.susanwolf.net\/wp-content\/uploads\/susan-wolf-2025-09-02-005-819x1024.png\" data-width=\"800\" data-height=\"1000\" aria-label=\"\" role=\"img\" ><\/div>\n\t\t\t\t\t\t\t\t\t\t\t\t\t\t<\/a>\n\t\t\t\t\t<\/div>\n\t\t\t\t\t<\/div>\n\t\t\t\t<\/div>\n\t\t\t\t\t<\/div>\n\t\t<\/div>\n\t\t\t\t\t<\/div>\n\t\t<\/section>\n\t\t\t\t<section class=\"elementor-section elementor-top-section elementor-element elementor-element-f7a8e63 elementor-section-boxed elementor-section-height-default elementor-section-height-default\" data-id=\"f7a8e63\" data-element_type=\"section\">\n\t\t\t\t\t\t<div class=\"elementor-container elementor-column-gap-default\">\n\t\t\t\t\t<div class=\"elementor-column elementor-col-100 elementor-top-column elementor-element elementor-element-15d7bb4\" data-id=\"15d7bb4\" data-element_type=\"column\">\n\t\t\t<div class=\"elementor-widget-wrap elementor-element-populated\">\n\t\t\t\t\t\t<div class=\"elementor-element elementor-element-4263216 elementor-widget elementor-widget-text-editor\" data-id=\"4263216\" data-element_type=\"widget\" data-widget_type=\"text-editor.default\">\n\t\t\t\t<div class=\"elementor-widget-container\">\n\t\t\t\t\t\t\t\t\t<p>Als Susan Wolf mit 23 Jahren an Multiple Sklerose erkrankt, entscheidet sich die junge Mutter gegen ihr Studium und f\u00fcr die Musik. In eigener Regie produziert sie daraufhin ihr erstes Album.<\/p>\n<p>Der Erfolg l\u00e4sst nicht lange auf sich warten und&nbsp; ihre ersten Konzerte spielt Susan Wolf bereits auf&nbsp; gro\u00dfen B\u00fchnen wie beispielsweise am renommierten Jazz Fest Wien. Es folgen Tourneen mit der erfolgreichen, britisch-georgischen K\u00fcnstlerin Katie Melua sowie mit Mick Hucknall von Simply Red, mit dem Wolf in eleganten Opernh\u00e4usern in Deutschland auftritt. Als Gastk\u00fcnstlerin begleitet Susan die US-amerikanische Legende Giant Sand&nbsp; auf deren Tournee durch Europa. In New York experimentiert Susan mit Produzenten Kevin Bents, den man durch seine Arbeit mit der deutschen K\u00fcnstlerlegende Marius M\u00fcller Westernhagen kennt. In Hamburg bezaubert Susan Wolf ihre Zuh\u00f6rer auf Konzerten zusammen mit Gr\u00f6\u00dfen wie Peter Maffay.<\/p>\n<p>Aufgrund von schwerwiegenden gesundheitlichen Probleme muss sich die K\u00fcnstlerin allerdings schlie\u00dflich von ihrer Musik distanzieren. Traurig wird die eigene Gitarre verkauft und ihre Darbietungen beschr\u00e4nkt Wolf nur mehr auf gelegentliche Auftritte mit Jazzklassikern in Hotellbars. Bis sie eines Tages ein besonderer Hotelgast bei einem ihrer Auftritte in der Hotellobby sah und h\u00f6rte. Als er von ihrer Geschichte erf\u00e4hrt, die von ihrer Krankheit, der Sorge um ihre Familie und Existenz\u00e4ngsten gepr\u00e4gt ist, kauft er ihr eine Gitarre als Zeichen, dass sie sich wieder ihrer Musik widmen solle. Diese Begegnung l\u00f6st ein Erwachen in ihr aus und entfacht das Bewusstsein dar\u00fcber, wie sehr ihr die Musik fehlte. Sie erkennt auch, dass ein Leben ohne sie ihren Gesundheitszustand verschlimmert.<\/p>\n<p>Wahrlich ein Befreiungsschlag ist es f\u00fcr die K\u00fcnstlerin, als sie sich wieder bewusst dazu entscheidet ihrem Herzen zu folgen und zur Musik zur\u00fcckzukehren. Sie ver\u00e4ndert ihr Leben, distanziert sich von Menschen, die sie zur\u00fcckhalten wollen und findet Wege ihre Erkrankung zu heilen. Daraufhin erf\u00fcllt sie sich &nbsp;ihren lang ersehnten Traum nach D\u00e4nemark zu reisen, um dort ihr Album I HAVE VISIONS zu schreiben und zu produzieren. Schon w\u00e4hrend dessen Entstehungsprozess erkennt die K\u00fcnstlerin dieses Album stolz als ihr eigentliches Deb\u00fct an. Nach langem Leidensweg, vielen Wirrungen, Stillst\u00e4nden und R\u00fcckschl\u00e4gen ist Susan Wolf gesund und verfolgt weiterhin ihre Tr\u00e4ume mit der Musik. So lauten die ersten Zeilen ihr Albums I Have Visions:&nbsp; &#8222;Life wants me to move and come around \/ it wants me to rise out of the ground \/ and loose the chains holding my body down&#8230;&#8220;<\/p>\t\t\t\t\t\t\t\t<\/div>\n\t\t\t\t<\/div>\n\t\t\t\t\t<\/div>\n\t\t<\/div>\n\t\t\t\t\t<\/div>\n\t\t<\/section>\n\t\t\t\t<\/div>\n\t\t","protected":false},"excerpt":{"rendered":"<p>Presse Als Susan Wolf mit 23 Jahren an Multiple Sklerose erkrankt, entscheidet sich die junge Mutter gegen ihr Studium und f\u00fcr die Musik. In eigener Regie produziert sie daraufhin ihr erstes Album. Der Erfolg l\u00e4sst nicht lange auf sich warten und&nbsp; ihre ersten Konzerte spielt Susan Wolf bereits auf&nbsp; gro\u00dfen B\u00fchnen wie beispielsweise am renommierten [&hellip;]<\/p>\n","protected":false},"author":9,"featured_media":0,"parent":0,"menu_order":0,"comment_status":"closed","ping_status":"closed","template":"elementor_header_footer","meta":{"_acf_changed":false,"footnotes":""},"class_list":["post-1043","page","type-page","status-publish","hentry"],"acf":[],"yoast_head":"<!-- This site is optimized with the Yoast SEO plugin v26.1.1 - https:\/\/yoast.com\/wordpress\/plugins\/seo\/ -->\n<title>Presse | Susan Wolf<\/title>\n<meta name=\"robots\" content=\"index, follow, max-snippet:-1, max-image-preview:large, max-video-preview:-1\" \/>\n<link rel=\"canonical\" href=\"https:\/\/www.susanwolf.net\/de\/presse\" \/>\n<meta property=\"og:locale\" content=\"de_DE\" \/>\n<meta property=\"og:type\" content=\"article\" \/>\n<meta property=\"og:title\" content=\"Presse | Susan Wolf\" \/>\n<meta property=\"og:description\" content=\"Presse Als Susan Wolf mit 23 Jahren an Multiple Sklerose erkrankt, entscheidet sich die junge Mutter gegen ihr Studium und f\u00fcr die Musik. In eigener Regie produziert sie daraufhin ihr erstes Album. Der Erfolg l\u00e4sst nicht lange auf sich warten und&nbsp; ihre ersten Konzerte spielt Susan Wolf bereits auf&nbsp; gro\u00dfen B\u00fchnen wie beispielsweise am renommierten [&hellip;]\" \/>\n<meta property=\"og:url\" content=\"https:\/\/www.susanwolf.net\/de\/presse\" \/>\n<meta property=\"og:site_name\" content=\"Susan Wolf\" \/>\n<meta property=\"article:modified_time\" content=\"2025-09-02T12:39:49+00:00\" \/>\n<meta name=\"twitter:card\" content=\"summary_large_image\" \/>\n<meta name=\"twitter:label1\" content=\"Gesch\u00e4tzte Lesezeit\" \/>\n\t<meta name=\"twitter:data1\" content=\"3\u00a0Minuten\" \/>\n<script type=\"application\/ld+json\" class=\"yoast-schema-graph\">{\"@context\":\"https:\/\/schema.org\",\"@graph\":[{\"@type\":\"WebPage\",\"@id\":\"https:\/\/www.susanwolf.net\/de\/presse\",\"url\":\"https:\/\/www.susanwolf.net\/de\/presse\",\"name\":\"Presse | Susan Wolf\",\"isPartOf\":{\"@id\":\"https:\/\/www.susanwolf.net\/de\/#website\"},\"datePublished\":\"2019-01-23T14:31:31+00:00\",\"dateModified\":\"2025-09-02T12:39:49+00:00\",\"breadcrumb\":{\"@id\":\"https:\/\/www.susanwolf.net\/de\/presse#breadcrumb\"},\"inLanguage\":\"de\",\"potentialAction\":[{\"@type\":\"ReadAction\",\"target\":[\"https:\/\/www.susanwolf.net\/de\/presse\"]}]},{\"@type\":\"BreadcrumbList\",\"@id\":\"https:\/\/www.susanwolf.net\/de\/presse#breadcrumb\",\"itemListElement\":[{\"@type\":\"ListItem\",\"position\":1,\"name\":\"Startseite\",\"item\":\"https:\/\/www.susanwolf.net\/de\"},{\"@type\":\"ListItem\",\"position\":2,\"name\":\"Presse\"}]},{\"@type\":\"WebSite\",\"@id\":\"https:\/\/www.susanwolf.net\/de\/#website\",\"url\":\"https:\/\/www.susanwolf.net\/de\/\",\"name\":\"Susan Wolf\",\"description\":\"\",\"publisher\":{\"@id\":\"https:\/\/www.susanwolf.net\/de\/#organization\"},\"potentialAction\":[{\"@type\":\"SearchAction\",\"target\":{\"@type\":\"EntryPoint\",\"urlTemplate\":\"https:\/\/www.susanwolf.net\/de\/?s={search_term_string}\"},\"query-input\":{\"@type\":\"PropertyValueSpecification\",\"valueRequired\":true,\"valueName\":\"search_term_string\"}}],\"inLanguage\":\"de\"},{\"@type\":\"Organization\",\"@id\":\"https:\/\/www.susanwolf.net\/de\/#organization\",\"name\":\"Susan Wolf\",\"url\":\"https:\/\/www.susanwolf.net\/de\/\",\"logo\":{\"@type\":\"ImageObject\",\"inLanguage\":\"de\",\"@id\":\"https:\/\/www.susanwolf.net\/de\/#\/schema\/logo\/image\/\",\"url\":\"https:\/\/www.susanwolf.net\/wp-content\/uploads\/favicon.png\",\"contentUrl\":\"https:\/\/www.susanwolf.net\/wp-content\/uploads\/favicon.png\",\"width\":512,\"height\":512,\"caption\":\"Susan Wolf\"},\"image\":{\"@id\":\"https:\/\/www.susanwolf.net\/de\/#\/schema\/logo\/image\/\"}}]}<\/script>\n<!-- \/ Yoast SEO plugin. -->","yoast_head_json":{"title":"Presse | Susan Wolf","robots":{"index":"index","follow":"follow","max-snippet":"max-snippet:-1","max-image-preview":"max-image-preview:large","max-video-preview":"max-video-preview:-1"},"canonical":"https:\/\/www.susanwolf.net\/de\/presse","og_locale":"de_DE","og_type":"article","og_title":"Presse | Susan Wolf","og_description":"Presse Als Susan Wolf mit 23 Jahren an Multiple Sklerose erkrankt, entscheidet sich die junge Mutter gegen ihr Studium und f\u00fcr die Musik. In eigener Regie produziert sie daraufhin ihr erstes Album. Der Erfolg l\u00e4sst nicht lange auf sich warten und&nbsp; ihre ersten Konzerte spielt Susan Wolf bereits auf&nbsp; gro\u00dfen B\u00fchnen wie beispielsweise am renommierten [&hellip;]","og_url":"https:\/\/www.susanwolf.net\/de\/presse","og_site_name":"Susan Wolf","article_modified_time":"2025-09-02T12:39:49+00:00","twitter_card":"summary_large_image","twitter_misc":{"Gesch\u00e4tzte Lesezeit":"3\u00a0Minuten"},"schema":{"@context":"https:\/\/schema.org","@graph":[{"@type":"WebPage","@id":"https:\/\/www.susanwolf.net\/de\/presse","url":"https:\/\/www.susanwolf.net\/de\/presse","name":"Presse | Susan Wolf","isPartOf":{"@id":"https:\/\/www.susanwolf.net\/de\/#website"},"datePublished":"2019-01-23T14:31:31+00:00","dateModified":"2025-09-02T12:39:49+00:00","breadcrumb":{"@id":"https:\/\/www.susanwolf.net\/de\/presse#breadcrumb"},"inLanguage":"de","potentialAction":[{"@type":"ReadAction","target":["https:\/\/www.susanwolf.net\/de\/presse"]}]},{"@type":"BreadcrumbList","@id":"https:\/\/www.susanwolf.net\/de\/presse#breadcrumb","itemListElement":[{"@type":"ListItem","position":1,"name":"Startseite","item":"https:\/\/www.susanwolf.net\/de"},{"@type":"ListItem","position":2,"name":"Presse"}]},{"@type":"WebSite","@id":"https:\/\/www.susanwolf.net\/de\/#website","url":"https:\/\/www.susanwolf.net\/de\/","name":"Susan Wolf","description":"","publisher":{"@id":"https:\/\/www.susanwolf.net\/de\/#organization"},"potentialAction":[{"@type":"SearchAction","target":{"@type":"EntryPoint","urlTemplate":"https:\/\/www.susanwolf.net\/de\/?s={search_term_string}"},"query-input":{"@type":"PropertyValueSpecification","valueRequired":true,"valueName":"search_term_string"}}],"inLanguage":"de"},{"@type":"Organization","@id":"https:\/\/www.susanwolf.net\/de\/#organization","name":"Susan Wolf","url":"https:\/\/www.susanwolf.net\/de\/","logo":{"@type":"ImageObject","inLanguage":"de","@id":"https:\/\/www.susanwolf.net\/de\/#\/schema\/logo\/image\/","url":"https:\/\/www.susanwolf.net\/wp-content\/uploads\/favicon.png","contentUrl":"https:\/\/www.susanwolf.net\/wp-content\/uploads\/favicon.png","width":512,"height":512,"caption":"Susan Wolf"},"image":{"@id":"https:\/\/www.susanwolf.net\/de\/#\/schema\/logo\/image\/"}}]}},"_links":{"self":[{"href":"https:\/\/www.susanwolf.net\/de\/wp-json\/wp\/v2\/pages\/1043","targetHints":{"allow":["GET"]}}],"collection":[{"href":"https:\/\/www.susanwolf.net\/de\/wp-json\/wp\/v2\/pages"}],"about":[{"href":"https:\/\/www.susanwolf.net\/de\/wp-json\/wp\/v2\/types\/page"}],"author":[{"embeddable":true,"href":"https:\/\/www.susanwolf.net\/de\/wp-json\/wp\/v2\/users\/9"}],"replies":[{"embeddable":true,"href":"https:\/\/www.susanwolf.net\/de\/wp-json\/wp\/v2\/comments?post=1043"}],"version-history":[{"count":51,"href":"https:\/\/www.susanwolf.net\/de\/wp-json\/wp\/v2\/pages\/1043\/revisions"}],"predecessor-version":[{"id":3042,"href":"https:\/\/www.susanwolf.net\/de\/wp-json\/wp\/v2\/pages\/1043\/revisions\/3042"}],"wp:attachment":[{"href":"https:\/\/www.susanwolf.net\/de\/wp-json\/wp\/v2\/media?parent=1043"}],"curies":[{"name":"wp","href":"https:\/\/api.w.org\/{rel}","templated":true}]}}