{"id":1040,"date":"2019-01-23T14:27:35","date_gmt":"2019-01-23T14:27:35","guid":{"rendered":"http:\/\/susanwolf.net\/?page_id=1040"},"modified":"2025-09-03T17:19:09","modified_gmt":"2025-09-03T15:19:09","slug":"startseite","status":"publish","type":"page","link":"https:\/\/www.susanwolf.net\/de","title":{"rendered":"Home"},"content":{"rendered":"\t\t<div data-elementor-type=\"wp-post\" data-elementor-id=\"1040\" class=\"elementor elementor-1040 elementor-2\" data-elementor-post-type=\"page\">\n\t\t\t\t\t\t<section class=\"elementor-section elementor-top-section elementor-element elementor-element-3a3e2ba elementor-section-full_width elementor-section-height-default elementor-section-height-default\" data-id=\"3a3e2ba\" data-element_type=\"section\" data-settings=\"{&quot;background_background&quot;:&quot;classic&quot;,&quot;background_motion_fx_motion_fx_scrolling&quot;:&quot;yes&quot;,&quot;background_motion_fx_devices&quot;:[&quot;desktop&quot;,&quot;tablet&quot;,&quot;mobile&quot;]}\">\n\t\t\t\t\t\t<div class=\"elementor-container elementor-column-gap-default\">\n\t\t\t\t\t<div class=\"elementor-column elementor-col-100 elementor-top-column elementor-element elementor-element-6edec56\" data-id=\"6edec56\" data-element_type=\"column\">\n\t\t\t<div class=\"elementor-widget-wrap\">\n\t\t\t\t\t\t\t<\/div>\n\t\t<\/div>\n\t\t\t\t\t<\/div>\n\t\t<\/section>\n\t\t\t\t<section class=\"elementor-section elementor-top-section elementor-element elementor-element-0b78724 elementor-section-boxed elementor-section-height-default elementor-section-height-default\" data-id=\"0b78724\" data-element_type=\"section\" data-settings=\"{&quot;background_background&quot;:&quot;classic&quot;}\">\n\t\t\t\t\t\t<div class=\"elementor-container elementor-column-gap-default\">\n\t\t\t\t\t<div class=\"elementor-column elementor-col-100 elementor-top-column elementor-element elementor-element-b5c9b06\" data-id=\"b5c9b06\" data-element_type=\"column\">\n\t\t\t<div class=\"elementor-widget-wrap elementor-element-populated\">\n\t\t\t\t\t\t<div class=\"elementor-element elementor-element-092af72 elementor-widget elementor-widget-text-editor\" data-id=\"092af72\" data-element_type=\"widget\" data-widget_type=\"text-editor.default\">\n\t\t\t\t<div class=\"elementor-widget-container\">\n\t\t\t\t\t\t\t\t\t<p>Mit ihrem Album I HAVE VISIONS (2020) legte Susan Wolf einen bemerkenswerten Neustart hin. Alte Fesseln l\u00f6sen, dem Leben vertrauen, den Rufen der Seele folgen: Im Spannungsfeld zwischen nordischer Melancholie und warm brodelnden Americana Folk Sounds mit 60\u00b4s Soul Elementen erz\u00e4hlte die \u00d6sterreicherin, die seit Jahren in der d\u00e4nischen Musikszene zu Hause ist, die bewegende Geschichte ihres Lebens.\u00a0 Nach Konzerten mit Katie Melua, Mick Hucknall (Simply Red), Andrew Bird und Giant Sand\u2026 ver\u00f6ffentlicht die K\u00fcnstlerin 2025 nun nach und nach die neuen Songs ihres neuen Albums GOLD.<\/p><p><strong>Mit ihrem neuen Album GOLD setzt sich Susan Wolf mit pers\u00f6nlichem, innerem Wachstum auseinander. Mit eingehenden Melodien und tiefgr\u00fcndigen Texten erz\u00e4hlt die K\u00fcnstlerin von ihrem Weg der Heilung und der Reise hin zur Selbstliebe und somit zur\u00fcck zu sich selbst.<\/strong><\/p><p>Wie der Fr\u00fchling kehrt Susan Wolf mit ihrem neuen Album GOLD zur\u00fcck ins Musikgeschehen. Kraftvoller und lebendiger als je zuvor glaubt die K\u00fcnstlerin an den Zauber des Lebens und der Liebe. Denn Susan Wolf hat einen Heilungsweg hinter sich, den viele nicht f\u00fcr m\u00f6glich gehalten haben: Im Alter von 23 erkrankte die Musikerin an Multipler Sklerose. Zehn Jahre sp\u00e4ter war die Krankheit bereits so fortgeschritten, dass die leidenschaftliche S\u00e4ngerin und Gitarristin kaum noch am Leben teilnehmen konnte.<\/p><p>\u201eIch konnte keine zehn Meter mehr laufen\u201c, erz\u00e4hlt sie. Doch die alleinerziehende Mutter eines Jungen gibt nicht auf und entschied sich Wege zu suchen, um dieser Krankheit entgegenzutreten. Neben nat\u00fcrlichen Ma\u00dfnahmen, die dem K\u00f6rper Selbstheilung erm\u00f6glichen, widmete Susan sich aber auch den M\u00f6glichkeiten, die eigene Seele zu heilen. Diesen Weg der Genesung verarbeitete sie in ihren Songs des aktuellen Albums GOLD. Heute ist Susan Wolf gesund.<\/p><p>F\u00fcr die K\u00fcnstlerin ist der Sinn des Lebens Wachstum und eine wichtige Station dieses Wachstumsweges ist die Selbstliebe, so Wolf. Susan gibt ihren Zuh\u00f6rern mit ihren neuen Songs eine Art Anleitung diesen Weg zu beschreiten und diese Liebe f\u00fcr sich selbst wieder zu erkennen, um diese Liebe im Anschluss mit einem offenen Herzen auch nach au\u00dfen zu tragen. Die Liebe soll gewinnen, so Wolf, in tiefster \u00dcberzeugung. Sie ist die einzige Wahrheit, die wir glauben sollen:<\/p><p><strong>\u201eLove is the one only truth\/we ought to believe.\u201c<\/strong> <small>(Love by Susan Wolf on Gold 2025)<\/small><\/p><p>Produziert wurde das neue Album wie sein Vorg\u00e4nger I HAVE VISIONS in Aarhus, D\u00e4nemark in Zusammenarbeit mit Wolfs Produzenten und Multiinstrumentalisten Peter Dombernowsky und Nikolaj Heyman. (bekannt durch Giant Sand, Isobell Campbell, Mark Lenegan, M. Ward. ect.) Musikalisch ist GOLD eine Fortsetzung des ersten Albums, das auch im Genre Americana Folk angelegt und mit 60\u00b4s Soul Elementen versehen wurde. Alte, amerikanische Folk-Gitarren sorgen f\u00fcr das Grundger\u00fcst der Songs. Pedal Steel, Dobro und Twangy Tremolo Gitarren d\u00fcrfen nat\u00fcrlich ebenso wenig fehlen wie sph\u00e4rische Mellotron- und Wurlitzer-Sounds. Feinster, cooler und zugleich warmbrodelnder Americana Sound\u2026<\/p>\t\t\t\t\t\t\t\t<\/div>\n\t\t\t\t<\/div>\n\t\t\t\t\t<\/div>\n\t\t<\/div>\n\t\t\t\t\t<\/div>\n\t\t<\/section>\n\t\t\t\t<\/div>\n\t\t","protected":false},"excerpt":{"rendered":"<p>Mit ihrem Album I HAVE VISIONS (2020) legte Susan Wolf einen bemerkenswerten Neustart hin. Alte Fesseln l\u00f6sen, dem Leben vertrauen, den Rufen der Seele folgen: Im Spannungsfeld zwischen nordischer Melancholie und warm brodelnden Americana Folk Sounds mit 60\u00b4s Soul Elementen erz\u00e4hlte die \u00d6sterreicherin, die seit Jahren in der d\u00e4nischen Musikszene zu Hause ist, die bewegende [&hellip;]<\/p>\n","protected":false},"author":9,"featured_media":0,"parent":0,"menu_order":0,"comment_status":"closed","ping_status":"closed","template":"elementor_header_footer","meta":{"_acf_changed":false,"footnotes":""},"class_list":["post-1040","page","type-page","status-publish","hentry"],"acf":[],"yoast_head":"<!-- This site is optimized with the Yoast SEO plugin v26.1.1 - https:\/\/yoast.com\/wordpress\/plugins\/seo\/ -->\n<title>Home | Susan Wolf<\/title>\n<meta name=\"robots\" content=\"index, follow, max-snippet:-1, max-image-preview:large, max-video-preview:-1\" \/>\n<link rel=\"canonical\" href=\"https:\/\/www.susanwolf.net\/de\" \/>\n<meta property=\"og:locale\" content=\"de_DE\" \/>\n<meta property=\"og:type\" content=\"article\" \/>\n<meta property=\"og:title\" content=\"Home | Susan Wolf\" \/>\n<meta property=\"og:description\" content=\"Mit ihrem Album I HAVE VISIONS (2020) legte Susan Wolf einen bemerkenswerten Neustart hin. Alte Fesseln l\u00f6sen, dem Leben vertrauen, den Rufen der Seele folgen: Im Spannungsfeld zwischen nordischer Melancholie und warm brodelnden Americana Folk Sounds mit 60\u00b4s Soul Elementen erz\u00e4hlte die \u00d6sterreicherin, die seit Jahren in der d\u00e4nischen Musikszene zu Hause ist, die bewegende [&hellip;]\" \/>\n<meta property=\"og:url\" content=\"https:\/\/www.susanwolf.net\/de\" \/>\n<meta property=\"og:site_name\" content=\"Susan Wolf\" \/>\n<meta property=\"article:modified_time\" content=\"2025-09-03T15:19:09+00:00\" \/>\n<meta name=\"twitter:card\" content=\"summary_large_image\" \/>\n<meta name=\"twitter:label1\" content=\"Gesch\u00e4tzte Lesezeit\" \/>\n\t<meta name=\"twitter:data1\" content=\"3\u00a0Minuten\" \/>\n<script type=\"application\/ld+json\" class=\"yoast-schema-graph\">{\"@context\":\"https:\/\/schema.org\",\"@graph\":[{\"@type\":\"WebPage\",\"@id\":\"https:\/\/www.susanwolf.net\/de\",\"url\":\"https:\/\/www.susanwolf.net\/de\",\"name\":\"Home | Susan Wolf\",\"isPartOf\":{\"@id\":\"https:\/\/www.susanwolf.net\/de\/#website\"},\"datePublished\":\"2019-01-23T14:27:35+00:00\",\"dateModified\":\"2025-09-03T15:19:09+00:00\",\"breadcrumb\":{\"@id\":\"https:\/\/www.susanwolf.net\/de#breadcrumb\"},\"inLanguage\":\"de\",\"potentialAction\":[{\"@type\":\"ReadAction\",\"target\":[\"https:\/\/www.susanwolf.net\/de\"]}]},{\"@type\":\"BreadcrumbList\",\"@id\":\"https:\/\/www.susanwolf.net\/de#breadcrumb\",\"itemListElement\":[{\"@type\":\"ListItem\",\"position\":1,\"name\":\"Startseite\",\"item\":\"https:\/\/www.susanwolf.net\/de\"},{\"@type\":\"ListItem\",\"position\":2,\"name\":\"Home\"}]},{\"@type\":\"WebSite\",\"@id\":\"https:\/\/www.susanwolf.net\/de\/#website\",\"url\":\"https:\/\/www.susanwolf.net\/de\/\",\"name\":\"Susan Wolf\",\"description\":\"\",\"publisher\":{\"@id\":\"https:\/\/www.susanwolf.net\/de\/#organization\"},\"potentialAction\":[{\"@type\":\"SearchAction\",\"target\":{\"@type\":\"EntryPoint\",\"urlTemplate\":\"https:\/\/www.susanwolf.net\/de\/?s={search_term_string}\"},\"query-input\":{\"@type\":\"PropertyValueSpecification\",\"valueRequired\":true,\"valueName\":\"search_term_string\"}}],\"inLanguage\":\"de\"},{\"@type\":\"Organization\",\"@id\":\"https:\/\/www.susanwolf.net\/de\/#organization\",\"name\":\"Susan Wolf\",\"url\":\"https:\/\/www.susanwolf.net\/de\/\",\"logo\":{\"@type\":\"ImageObject\",\"inLanguage\":\"de\",\"@id\":\"https:\/\/www.susanwolf.net\/de\/#\/schema\/logo\/image\/\",\"url\":\"https:\/\/www.susanwolf.net\/wp-content\/uploads\/favicon.png\",\"contentUrl\":\"https:\/\/www.susanwolf.net\/wp-content\/uploads\/favicon.png\",\"width\":512,\"height\":512,\"caption\":\"Susan Wolf\"},\"image\":{\"@id\":\"https:\/\/www.susanwolf.net\/de\/#\/schema\/logo\/image\/\"}}]}<\/script>\n<!-- \/ Yoast SEO plugin. -->","yoast_head_json":{"title":"Home | Susan Wolf","robots":{"index":"index","follow":"follow","max-snippet":"max-snippet:-1","max-image-preview":"max-image-preview:large","max-video-preview":"max-video-preview:-1"},"canonical":"https:\/\/www.susanwolf.net\/de","og_locale":"de_DE","og_type":"article","og_title":"Home | Susan Wolf","og_description":"Mit ihrem Album I HAVE VISIONS (2020) legte Susan Wolf einen bemerkenswerten Neustart hin. Alte Fesseln l\u00f6sen, dem Leben vertrauen, den Rufen der Seele folgen: Im Spannungsfeld zwischen nordischer Melancholie und warm brodelnden Americana Folk Sounds mit 60\u00b4s Soul Elementen erz\u00e4hlte die \u00d6sterreicherin, die seit Jahren in der d\u00e4nischen Musikszene zu Hause ist, die bewegende [&hellip;]","og_url":"https:\/\/www.susanwolf.net\/de","og_site_name":"Susan Wolf","article_modified_time":"2025-09-03T15:19:09+00:00","twitter_card":"summary_large_image","twitter_misc":{"Gesch\u00e4tzte Lesezeit":"3\u00a0Minuten"},"schema":{"@context":"https:\/\/schema.org","@graph":[{"@type":"WebPage","@id":"https:\/\/www.susanwolf.net\/de","url":"https:\/\/www.susanwolf.net\/de","name":"Home | Susan Wolf","isPartOf":{"@id":"https:\/\/www.susanwolf.net\/de\/#website"},"datePublished":"2019-01-23T14:27:35+00:00","dateModified":"2025-09-03T15:19:09+00:00","breadcrumb":{"@id":"https:\/\/www.susanwolf.net\/de#breadcrumb"},"inLanguage":"de","potentialAction":[{"@type":"ReadAction","target":["https:\/\/www.susanwolf.net\/de"]}]},{"@type":"BreadcrumbList","@id":"https:\/\/www.susanwolf.net\/de#breadcrumb","itemListElement":[{"@type":"ListItem","position":1,"name":"Startseite","item":"https:\/\/www.susanwolf.net\/de"},{"@type":"ListItem","position":2,"name":"Home"}]},{"@type":"WebSite","@id":"https:\/\/www.susanwolf.net\/de\/#website","url":"https:\/\/www.susanwolf.net\/de\/","name":"Susan Wolf","description":"","publisher":{"@id":"https:\/\/www.susanwolf.net\/de\/#organization"},"potentialAction":[{"@type":"SearchAction","target":{"@type":"EntryPoint","urlTemplate":"https:\/\/www.susanwolf.net\/de\/?s={search_term_string}"},"query-input":{"@type":"PropertyValueSpecification","valueRequired":true,"valueName":"search_term_string"}}],"inLanguage":"de"},{"@type":"Organization","@id":"https:\/\/www.susanwolf.net\/de\/#organization","name":"Susan Wolf","url":"https:\/\/www.susanwolf.net\/de\/","logo":{"@type":"ImageObject","inLanguage":"de","@id":"https:\/\/www.susanwolf.net\/de\/#\/schema\/logo\/image\/","url":"https:\/\/www.susanwolf.net\/wp-content\/uploads\/favicon.png","contentUrl":"https:\/\/www.susanwolf.net\/wp-content\/uploads\/favicon.png","width":512,"height":512,"caption":"Susan Wolf"},"image":{"@id":"https:\/\/www.susanwolf.net\/de\/#\/schema\/logo\/image\/"}}]}},"_links":{"self":[{"href":"https:\/\/www.susanwolf.net\/de\/wp-json\/wp\/v2\/pages\/1040","targetHints":{"allow":["GET"]}}],"collection":[{"href":"https:\/\/www.susanwolf.net\/de\/wp-json\/wp\/v2\/pages"}],"about":[{"href":"https:\/\/www.susanwolf.net\/de\/wp-json\/wp\/v2\/types\/page"}],"author":[{"embeddable":true,"href":"https:\/\/www.susanwolf.net\/de\/wp-json\/wp\/v2\/users\/9"}],"replies":[{"embeddable":true,"href":"https:\/\/www.susanwolf.net\/de\/wp-json\/wp\/v2\/comments?post=1040"}],"version-history":[{"count":74,"href":"https:\/\/www.susanwolf.net\/de\/wp-json\/wp\/v2\/pages\/1040\/revisions"}],"predecessor-version":[{"id":3080,"href":"https:\/\/www.susanwolf.net\/de\/wp-json\/wp\/v2\/pages\/1040\/revisions\/3080"}],"wp:attachment":[{"href":"https:\/\/www.susanwolf.net\/de\/wp-json\/wp\/v2\/media?parent=1040"}],"curies":[{"name":"wp","href":"https:\/\/api.w.org\/{rel}","templated":true}]}}